{"id":920,"date":"2023-11-24T14:38:12","date_gmt":"2023-11-24T12:38:12","guid":{"rendered":"https:\/\/rahvuslikkontakt.se\/?page_id=920"},"modified":"2024-12-04T13:10:28","modified_gmt":"2024-12-04T11:10:28","slug":"bli-prenumerant","status":"publish","type":"page","link":"https:\/\/rahvuslikkontakt.se\/sv\/bli-prenumerant\/","title":{"rendered":"Bli prenumerant!"},"content":{"rendered":"<p><strong>Best\u00e4lla en tryckt tidning (2 nummer):<\/strong><br \/>\n350 kr f\u00f6r f\u00f6rsta kunden<br \/>\n260 kr f\u00f6r \u00e5terkommande kund<br \/>\n100 kr + porto enstaka nummer<\/p>\n<p><strong>Betalningsmetoder:<\/strong><br \/>\nSWISH: 1234933503<br \/>\nVia bank\u00f6verf\u00f6ring: 52661028080 (SEB)<br \/>\nFr\u00e5n utlandet:<br \/>\n\u2013 IBAN: SE3850000000052661028080<br \/>\n\u2013 BIC: ESSESS<br \/>\n\u2013 SEB, 106 40 Stockholm<\/p>\n<p><strong>Mer information och hj\u00e4lp med best\u00e4llning:<\/strong> <a href=\"mailto:info@sverigeesterna.se\">info@sverigeesterna.se<\/a><\/p>\n","protected":false},"excerpt":{"rendered":"<p>Best\u00e4lla en tryckt tidning (2 nummer): 350 kr f\u00f6r f\u00f6rsta kunden 260 kr f\u00f6r \u00e5terkommande kund 100 kr + porto enstaka nummer Betalningsmetoder: SWISH: 1234933503 Via bank\u00f6verf\u00f6ring: 52661028080 (SEB) Fr\u00e5n utlandet: \u2013 IBAN: SE3850000000052661028080 \u2013 BIC: ESSESS \u2013 SEB, 106 40 Stockholm Mer information och hj\u00e4lp med best\u00e4llning: info@sverigeesterna.se<\/p>\n","protected":false},"author":1,"featured_media":0,"parent":0,"menu_order":0,"comment_status":"closed","ping_status":"closed","template":"","meta":{"footnotes":"","_links_to":"","_links_to_target":""},"class_list":["post-920","page","type-page","status-publish","hentry"],"yoast_head":"<!-- This site is optimized with the Yoast SEO plugin v23.9 - https:\/\/yoast.com\/wordpress\/plugins\/seo\/ -->\n<title>Bli prenumerant! - Rahvuslik Kontakt<\/title>\n<meta name=\"robots\" content=\"index, follow, max-snippet:-1, max-image-preview:large, max-video-preview:-1\" \/>\n<link rel=\"canonical\" href=\"https:\/\/rahvuslikkontakt.se\/sv\/bli-prenumerant\/\" \/>\n<meta property=\"og:locale\" content=\"sv_SE\" \/>\n<meta property=\"og:type\" content=\"article\" \/>\n<meta property=\"og:title\" content=\"Bli prenumerant! - Rahvuslik Kontakt\" \/>\n<meta property=\"og:description\" content=\"Best\u00e4lla en tryckt tidning (2 nummer): 350 kr f\u00f6r f\u00f6rsta kunden 260 kr f\u00f6r \u00e5terkommande kund 100 kr + porto enstaka nummer Betalningsmetoder: SWISH: 1234933503 Via bank\u00f6verf\u00f6ring: 52661028080 (SEB) Fr\u00e5n utlandet: \u2013 IBAN: SE3850000000052661028080 \u2013 BIC: ESSESS \u2013 SEB, 106 40 Stockholm Mer information och hj\u00e4lp med best\u00e4llning: info@sverigeesterna.se\" \/>\n<meta property=\"og:url\" content=\"https:\/\/rahvuslikkontakt.se\/sv\/bli-prenumerant\/\" \/>\n<meta property=\"og:site_name\" content=\"Rahvuslik Kontakt\" \/>\n<meta property=\"article:publisher\" content=\"https:\/\/www.facebook.com\/groups\/413926455353238\" \/>\n<meta property=\"article:modified_time\" content=\"2024-12-04T11:10:28+00:00\" \/>\n<meta name=\"twitter:card\" content=\"summary_large_image\" \/>\n<meta name=\"twitter:site\" content=\"@Sverigeesterna\" \/>\n<meta name=\"twitter:label1\" content=\"Ber\u00e4knad l\u00e4stid\" \/>\n\t<meta name=\"twitter:data1\" content=\"1 minut\" \/>\n<script type=\"application\/ld+json\" class=\"yoast-schema-graph\">{\"@context\":\"https:\/\/schema.org\",\"@graph\":[{\"@type\":\"WebPage\",\"@id\":\"https:\/\/rahvuslikkontakt.se\/sv\/bli-prenumerant\/\",\"url\":\"https:\/\/rahvuslikkontakt.se\/sv\/bli-prenumerant\/\",\"name\":\"Bli prenumerant! - Rahvuslik Kontakt\",\"isPartOf\":{\"@id\":\"https:\/\/rahvuslikkontakt.se\/#website\"},\"datePublished\":\"2023-11-24T12:38:12+00:00\",\"dateModified\":\"2024-12-04T11:10:28+00:00\",\"breadcrumb\":{\"@id\":\"https:\/\/rahvuslikkontakt.se\/sv\/bli-prenumerant\/#breadcrumb\"},\"inLanguage\":\"sv-SE\",\"potentialAction\":[{\"@type\":\"ReadAction\",\"target\":[\"https:\/\/rahvuslikkontakt.se\/sv\/bli-prenumerant\/\"]}]},{\"@type\":\"BreadcrumbList\",\"@id\":\"https:\/\/rahvuslikkontakt.se\/sv\/bli-prenumerant\/#breadcrumb\",\"itemListElement\":[{\"@type\":\"ListItem\",\"position\":1,\"name\":\"Home\",\"item\":\"https:\/\/rahvuslikkontakt.se\/sv\/\"},{\"@type\":\"ListItem\",\"position\":2,\"name\":\"Bli prenumerant!\"}]},{\"@type\":\"WebSite\",\"@id\":\"https:\/\/rahvuslikkontakt.se\/#website\",\"url\":\"https:\/\/rahvuslikkontakt.se\/\",\"name\":\"Rahvuslik Kontakt\",\"description\":\"\",\"publisher\":{\"@id\":\"https:\/\/rahvuslikkontakt.se\/#organization\"},\"potentialAction\":[{\"@type\":\"SearchAction\",\"target\":{\"@type\":\"EntryPoint\",\"urlTemplate\":\"https:\/\/rahvuslikkontakt.se\/?s={search_term_string}\"},\"query-input\":{\"@type\":\"PropertyValueSpecification\",\"valueRequired\":true,\"valueName\":\"search_term_string\"}}],\"inLanguage\":\"sv-SE\"},{\"@type\":\"Organization\",\"@id\":\"https:\/\/rahvuslikkontakt.se\/#organization\",\"name\":\"Rahvuslik Kontakt\",\"url\":\"https:\/\/rahvuslikkontakt.se\/\",\"logo\":{\"@type\":\"ImageObject\",\"inLanguage\":\"sv-SE\",\"@id\":\"https:\/\/rahvuslikkontakt.se\/#\/schema\/logo\/image\/\",\"url\":\"https:\/\/rahvuslikkontakt.se\/wp-content\/uploads\/2023\/11\/Footer-logo.webp\",\"contentUrl\":\"https:\/\/rahvuslikkontakt.se\/wp-content\/uploads\/2023\/11\/Footer-logo.webp\",\"width\":1200,\"height\":300,\"caption\":\"Rahvuslik Kontakt\"},\"image\":{\"@id\":\"https:\/\/rahvuslikkontakt.se\/#\/schema\/logo\/image\/\"},\"sameAs\":[\"https:\/\/www.facebook.com\/groups\/413926455353238\",\"https:\/\/x.com\/Sverigeesterna\",\"https:\/\/www.instagram.com\/sverigeesterna\/\",\"https:\/\/www.youtube.com\/channel\/UCrx0OUO2vQAEvysvMrwq5xQ\"]}]}<\/script>\n<!-- \/ Yoast SEO plugin. -->","yoast_head_json":{"title":"Bli prenumerant! - Rahvuslik Kontakt","robots":{"index":"index","follow":"follow","max-snippet":"max-snippet:-1","max-image-preview":"max-image-preview:large","max-video-preview":"max-video-preview:-1"},"canonical":"https:\/\/rahvuslikkontakt.se\/sv\/bli-prenumerant\/","og_locale":"sv_SE","og_type":"article","og_title":"Bli prenumerant! - Rahvuslik Kontakt","og_description":"Best\u00e4lla en tryckt tidning (2 nummer): 350 kr f\u00f6r f\u00f6rsta kunden 260 kr f\u00f6r \u00e5terkommande kund 100 kr + porto enstaka nummer Betalningsmetoder: SWISH: 1234933503 Via bank\u00f6verf\u00f6ring: 52661028080 (SEB) Fr\u00e5n utlandet: \u2013 IBAN: SE3850000000052661028080 \u2013 BIC: ESSESS \u2013 SEB, 106 40 Stockholm Mer information och hj\u00e4lp med best\u00e4llning: info@sverigeesterna.se","og_url":"https:\/\/rahvuslikkontakt.se\/sv\/bli-prenumerant\/","og_site_name":"Rahvuslik Kontakt","article_publisher":"https:\/\/www.facebook.com\/groups\/413926455353238","article_modified_time":"2024-12-04T11:10:28+00:00","twitter_card":"summary_large_image","twitter_site":"@Sverigeesterna","twitter_misc":{"Ber\u00e4knad l\u00e4stid":"1 minut"},"schema":{"@context":"https:\/\/schema.org","@graph":[{"@type":"WebPage","@id":"https:\/\/rahvuslikkontakt.se\/sv\/bli-prenumerant\/","url":"https:\/\/rahvuslikkontakt.se\/sv\/bli-prenumerant\/","name":"Bli prenumerant! - Rahvuslik Kontakt","isPartOf":{"@id":"https:\/\/rahvuslikkontakt.se\/#website"},"datePublished":"2023-11-24T12:38:12+00:00","dateModified":"2024-12-04T11:10:28+00:00","breadcrumb":{"@id":"https:\/\/rahvuslikkontakt.se\/sv\/bli-prenumerant\/#breadcrumb"},"inLanguage":"sv-SE","potentialAction":[{"@type":"ReadAction","target":["https:\/\/rahvuslikkontakt.se\/sv\/bli-prenumerant\/"]}]},{"@type":"BreadcrumbList","@id":"https:\/\/rahvuslikkontakt.se\/sv\/bli-prenumerant\/#breadcrumb","itemListElement":[{"@type":"ListItem","position":1,"name":"Home","item":"https:\/\/rahvuslikkontakt.se\/sv\/"},{"@type":"ListItem","position":2,"name":"Bli prenumerant!"}]},{"@type":"WebSite","@id":"https:\/\/rahvuslikkontakt.se\/#website","url":"https:\/\/rahvuslikkontakt.se\/","name":"Rahvuslik Kontakt","description":"","publisher":{"@id":"https:\/\/rahvuslikkontakt.se\/#organization"},"potentialAction":[{"@type":"SearchAction","target":{"@type":"EntryPoint","urlTemplate":"https:\/\/rahvuslikkontakt.se\/?s={search_term_string}"},"query-input":{"@type":"PropertyValueSpecification","valueRequired":true,"valueName":"search_term_string"}}],"inLanguage":"sv-SE"},{"@type":"Organization","@id":"https:\/\/rahvuslikkontakt.se\/#organization","name":"Rahvuslik Kontakt","url":"https:\/\/rahvuslikkontakt.se\/","logo":{"@type":"ImageObject","inLanguage":"sv-SE","@id":"https:\/\/rahvuslikkontakt.se\/#\/schema\/logo\/image\/","url":"https:\/\/rahvuslikkontakt.se\/wp-content\/uploads\/2023\/11\/Footer-logo.webp","contentUrl":"https:\/\/rahvuslikkontakt.se\/wp-content\/uploads\/2023\/11\/Footer-logo.webp","width":1200,"height":300,"caption":"Rahvuslik Kontakt"},"image":{"@id":"https:\/\/rahvuslikkontakt.se\/#\/schema\/logo\/image\/"},"sameAs":["https:\/\/www.facebook.com\/groups\/413926455353238","https:\/\/x.com\/Sverigeesterna","https:\/\/www.instagram.com\/sverigeesterna\/","https:\/\/www.youtube.com\/channel\/UCrx0OUO2vQAEvysvMrwq5xQ"]}]}},"_links":{"self":[{"href":"https:\/\/rahvuslikkontakt.se\/sv\/wp-json\/wp\/v2\/pages\/920","targetHints":{"allow":["GET"]}}],"collection":[{"href":"https:\/\/rahvuslikkontakt.se\/sv\/wp-json\/wp\/v2\/pages"}],"about":[{"href":"https:\/\/rahvuslikkontakt.se\/sv\/wp-json\/wp\/v2\/types\/page"}],"author":[{"embeddable":true,"href":"https:\/\/rahvuslikkontakt.se\/sv\/wp-json\/wp\/v2\/users\/1"}],"replies":[{"embeddable":true,"href":"https:\/\/rahvuslikkontakt.se\/sv\/wp-json\/wp\/v2\/comments?post=920"}],"version-history":[{"count":5,"href":"https:\/\/rahvuslikkontakt.se\/sv\/wp-json\/wp\/v2\/pages\/920\/revisions"}],"predecessor-version":[{"id":1906,"href":"https:\/\/rahvuslikkontakt.se\/sv\/wp-json\/wp\/v2\/pages\/920\/revisions\/1906"}],"wp:attachment":[{"href":"https:\/\/rahvuslikkontakt.se\/sv\/wp-json\/wp\/v2\/media?parent=920"}],"curies":[{"name":"wp","href":"https:\/\/api.w.org\/{rel}","templated":true}]}}