{"id":746,"date":"2023-11-15T12:30:04","date_gmt":"2023-11-15T10:30:04","guid":{"rendered":"https:\/\/rahvuslikkontakt.se\/?page_id=746"},"modified":"2024-04-04T13:00:05","modified_gmt":"2024-04-04T10:00:05","slug":"impressum","status":"publish","type":"page","link":"https:\/\/rahvuslikkontakt.se\/sv\/impressum\/","title":{"rendered":"Impressum"},"content":{"rendered":"<p><strong>Huvudredakt\u00f6r<\/strong><br \/>\nSirle S\u00f6\u00f6t<br \/>\n+46 76 793 53 55<br \/>\n<a href=\"mailto:sirle.soot@sverigeesterna.se\">sirle.soot@sverigeesterna.se<\/a><\/p>\n<p><strong>Redaktionell brevl\u00e5da<\/strong><br \/>\n<a href=\"mailto:toimetus@rahvuslikkontakt.se\">toimetus@rahvuslikkontakt.se<\/a><\/p>\n<p><strong>Redakt\u00f6r<\/strong><br \/>\nEvelyn H\u00f6glund<\/p>\n<p><strong>Medredakt\u00f6rer<\/strong><br \/>\nK\u00e4tlin Aare, Aho Rebas, Kairi Ilison, Hain Rebas, Aili Salve, Kaja Jakobsen, Angelica Suiste, Liina-Karina Meedt, Kristi Salla, Geda Paulsen, Eva Velsker, Viire Kask, Maria V Hugosson, Marge Sundstr\u00f6m<\/p>\n<p><strong>\u00d6vers\u00e4ttare<\/strong><br \/>\nAho Rebas, Evelyn H\u00f6glund, Jaan Seim<\/p>\n<p><strong>Utgivare<\/strong><br \/>\nSverigeesternas Riksf\u00f6rbund (REL)<\/p>\n<p><strong>REL kontor<\/strong><br \/>\nTel. 08-21 66 49 \/ +46 76 793 53 55<br \/>\nWallingatan 34 11124 Stockholm<br \/>\n<a href=\"mailto:info@sverigeesterna.se\">info@sverigeesterna.se<\/a><br \/>\n<a href=\"https:\/\/www.sverigeesterna.se\">www.sverigeesterna.se<\/a><\/p>\n<p>REL:s verksamhet kan f\u00f6ljas i Facebookgruppen <a href=\"https:\/\/www.facebook.com\/groups\/413926455353238\" target=\"_blank\" rel=\"noopener\">Rootsi Eestlaste Liit<\/a> och p\u00e5 <a href=\"https:\/\/www.facebook.com\/sverigeesterna\" target=\"_blank\" rel=\"noopener\">Sverigeesternas riksf\u00f6rbunds<\/a>\u00a0sida och p\u00e5 X (tidigare kallad Twitter) @Sverigeesterna<\/p>\n<p>F\u00f6rfattarna uttrycker sina egna \u00e5sikter i artiklarna. Nationell kontakt ansvarar inte f\u00f6r riktigheten av faktauppgifter som publicerats i publikationen eller giltigheten av bed\u00f6mningar.<\/p>\n<p>&nbsp;<\/p>\n<p>Skapandet av onlinemilj\u00f6n st\u00f6ddes av <a href=\"https:\/\/kysk.ee\/\" target=\"_blank\" rel=\"noopener\">Kodaniku\u00fchiskonna Sihtkapital<\/a> och <a href=\"https:\/\/www.vm.ee\/\" target=\"_blank\" rel=\"noopener\">V\u00e4lisministeerium<\/a>.<\/p>\n<p><a href=\"https:\/\/kysk.ee\/\" target=\"_blank\" rel=\"noopener\"><img loading=\"lazy\" decoding=\"async\" class=\"alignnone wp-image-1322\" src=\"https:\/\/rahvuslikkontakt.se\/wp-content\/uploads\/2024\/01\/logo-kusk-b.webp\" alt=\"\" width=\"230\" height=\"100\" srcset=\"https:\/\/rahvuslikkontakt.se\/wp-content\/uploads\/2024\/01\/logo-kusk-b.webp 1200w, https:\/\/rahvuslikkontakt.se\/wp-content\/uploads\/2024\/01\/logo-kusk-b-300x130.webp 300w, https:\/\/rahvuslikkontakt.se\/wp-content\/uploads\/2024\/01\/logo-kusk-b-1024x444.webp 1024w, https:\/\/rahvuslikkontakt.se\/wp-content\/uploads\/2024\/01\/logo-kusk-b-768x333.webp 768w\" sizes=\"auto, (max-width: 230px) 100vw, 230px\" \/><\/a>\u00a0 \u00a0<a href=\"https:\/\/www.vm.ee\/\" target=\"_blank\" rel=\"noopener\"><img loading=\"lazy\" decoding=\"async\" class=\"alignnone wp-image-1324\" src=\"https:\/\/rahvuslikkontakt.se\/wp-content\/uploads\/2024\/01\/logo-valismin-b.webp\" alt=\"\" width=\"230\" height=\"100\" srcset=\"https:\/\/rahvuslikkontakt.se\/wp-content\/uploads\/2024\/01\/logo-valismin-b.webp 1200w, https:\/\/rahvuslikkontakt.se\/wp-content\/uploads\/2024\/01\/logo-valismin-b-300x130.webp 300w, https:\/\/rahvuslikkontakt.se\/wp-content\/uploads\/2024\/01\/logo-valismin-b-1024x444.webp 1024w, https:\/\/rahvuslikkontakt.se\/wp-content\/uploads\/2024\/01\/logo-valismin-b-768x333.webp 768w\" sizes=\"auto, (max-width: 230px) 100vw, 230px\" \/><\/a><\/p>\n","protected":false},"excerpt":{"rendered":"<p>Huvudredakt\u00f6r Sirle S\u00f6\u00f6t +46 76 793 53 55 sirle.soot@sverigeesterna.se Redaktionell brevl\u00e5da toimetus@rahvuslikkontakt.se Redakt\u00f6r Evelyn H\u00f6glund Medredakt\u00f6rer K\u00e4tlin Aare, Aho Rebas, Kairi Ilison, Hain Rebas, Aili Salve, Kaja Jakobsen, Angelica Suiste, Liina-Karina Meedt, Kristi Salla, Geda Paulsen, Eva Velsker, Viire Kask, Maria V Hugosson, Marge Sundstr\u00f6m \u00d6vers\u00e4ttare Aho Rebas, Evelyn H\u00f6glund, Jaan Seim Utgivare Sverigeesternas Riksf\u00f6rbund [&hellip;]<\/p>\n","protected":false},"author":1,"featured_media":0,"parent":0,"menu_order":0,"comment_status":"closed","ping_status":"closed","template":"","meta":{"footnotes":"","_links_to":"","_links_to_target":""},"class_list":["post-746","page","type-page","status-publish","hentry"],"yoast_head":"<!-- This site is optimized with the Yoast SEO plugin v23.9 - https:\/\/yoast.com\/wordpress\/plugins\/seo\/ -->\n<title>Impressum - Rahvuslik Kontakt<\/title>\n<meta name=\"robots\" content=\"index, follow, max-snippet:-1, max-image-preview:large, max-video-preview:-1\" \/>\n<link rel=\"canonical\" href=\"https:\/\/rahvuslikkontakt.se\/sv\/impressum\/\" \/>\n<meta property=\"og:locale\" content=\"sv_SE\" \/>\n<meta property=\"og:type\" content=\"article\" \/>\n<meta property=\"og:title\" content=\"Impressum - Rahvuslik Kontakt\" \/>\n<meta property=\"og:description\" content=\"Huvudredakt\u00f6r Sirle S\u00f6\u00f6t +46 76 793 53 55 sirle.soot@sverigeesterna.se Redaktionell brevl\u00e5da toimetus@rahvuslikkontakt.se Redakt\u00f6r Evelyn H\u00f6glund Medredakt\u00f6rer K\u00e4tlin Aare, Aho Rebas, Kairi Ilison, Hain Rebas, Aili Salve, Kaja Jakobsen, Angelica Suiste, Liina-Karina Meedt, Kristi Salla, Geda Paulsen, Eva Velsker, Viire Kask, Maria V Hugosson, Marge Sundstr\u00f6m \u00d6vers\u00e4ttare Aho Rebas, Evelyn H\u00f6glund, Jaan Seim Utgivare Sverigeesternas Riksf\u00f6rbund [&hellip;]\" \/>\n<meta property=\"og:url\" content=\"https:\/\/rahvuslikkontakt.se\/sv\/impressum\/\" \/>\n<meta property=\"og:site_name\" content=\"Rahvuslik Kontakt\" \/>\n<meta property=\"article:publisher\" content=\"https:\/\/www.facebook.com\/groups\/413926455353238\" \/>\n<meta property=\"article:modified_time\" content=\"2024-04-04T10:00:05+00:00\" \/>\n<meta property=\"og:image\" content=\"https:\/\/rahvuslikkontakt.se\/wp-content\/uploads\/2024\/01\/logo-kusk-b.webp\" \/>\n<meta name=\"twitter:card\" content=\"summary_large_image\" \/>\n<meta name=\"twitter:site\" content=\"@Sverigeesterna\" \/>\n<meta name=\"twitter:label1\" content=\"Ber\u00e4knad l\u00e4stid\" \/>\n\t<meta name=\"twitter:data1\" content=\"1 minut\" \/>\n<script type=\"application\/ld+json\" class=\"yoast-schema-graph\">{\"@context\":\"https:\/\/schema.org\",\"@graph\":[{\"@type\":\"WebPage\",\"@id\":\"https:\/\/rahvuslikkontakt.se\/sv\/impressum\/\",\"url\":\"https:\/\/rahvuslikkontakt.se\/sv\/impressum\/\",\"name\":\"Impressum - Rahvuslik Kontakt\",\"isPartOf\":{\"@id\":\"https:\/\/rahvuslikkontakt.se\/#website\"},\"primaryImageOfPage\":{\"@id\":\"https:\/\/rahvuslikkontakt.se\/sv\/impressum\/#primaryimage\"},\"image\":{\"@id\":\"https:\/\/rahvuslikkontakt.se\/sv\/impressum\/#primaryimage\"},\"thumbnailUrl\":\"https:\/\/rahvuslikkontakt.se\/wp-content\/uploads\/2024\/01\/logo-kusk-b.webp\",\"datePublished\":\"2023-11-15T10:30:04+00:00\",\"dateModified\":\"2024-04-04T10:00:05+00:00\",\"breadcrumb\":{\"@id\":\"https:\/\/rahvuslikkontakt.se\/sv\/impressum\/#breadcrumb\"},\"inLanguage\":\"sv-SE\",\"potentialAction\":[{\"@type\":\"ReadAction\",\"target\":[\"https:\/\/rahvuslikkontakt.se\/sv\/impressum\/\"]}]},{\"@type\":\"ImageObject\",\"inLanguage\":\"sv-SE\",\"@id\":\"https:\/\/rahvuslikkontakt.se\/sv\/impressum\/#primaryimage\",\"url\":\"https:\/\/rahvuslikkontakt.se\/wp-content\/uploads\/2024\/01\/logo-kusk-b.webp\",\"contentUrl\":\"https:\/\/rahvuslikkontakt.se\/wp-content\/uploads\/2024\/01\/logo-kusk-b.webp\"},{\"@type\":\"BreadcrumbList\",\"@id\":\"https:\/\/rahvuslikkontakt.se\/sv\/impressum\/#breadcrumb\",\"itemListElement\":[{\"@type\":\"ListItem\",\"position\":1,\"name\":\"Home\",\"item\":\"https:\/\/rahvuslikkontakt.se\/sv\/\"},{\"@type\":\"ListItem\",\"position\":2,\"name\":\"Impressum\"}]},{\"@type\":\"WebSite\",\"@id\":\"https:\/\/rahvuslikkontakt.se\/#website\",\"url\":\"https:\/\/rahvuslikkontakt.se\/\",\"name\":\"Rahvuslik Kontakt\",\"description\":\"\",\"publisher\":{\"@id\":\"https:\/\/rahvuslikkontakt.se\/#organization\"},\"potentialAction\":[{\"@type\":\"SearchAction\",\"target\":{\"@type\":\"EntryPoint\",\"urlTemplate\":\"https:\/\/rahvuslikkontakt.se\/?s={search_term_string}\"},\"query-input\":{\"@type\":\"PropertyValueSpecification\",\"valueRequired\":true,\"valueName\":\"search_term_string\"}}],\"inLanguage\":\"sv-SE\"},{\"@type\":\"Organization\",\"@id\":\"https:\/\/rahvuslikkontakt.se\/#organization\",\"name\":\"Rahvuslik Kontakt\",\"url\":\"https:\/\/rahvuslikkontakt.se\/\",\"logo\":{\"@type\":\"ImageObject\",\"inLanguage\":\"sv-SE\",\"@id\":\"https:\/\/rahvuslikkontakt.se\/#\/schema\/logo\/image\/\",\"url\":\"https:\/\/rahvuslikkontakt.se\/wp-content\/uploads\/2023\/11\/Footer-logo.webp\",\"contentUrl\":\"https:\/\/rahvuslikkontakt.se\/wp-content\/uploads\/2023\/11\/Footer-logo.webp\",\"width\":1200,\"height\":300,\"caption\":\"Rahvuslik Kontakt\"},\"image\":{\"@id\":\"https:\/\/rahvuslikkontakt.se\/#\/schema\/logo\/image\/\"},\"sameAs\":[\"https:\/\/www.facebook.com\/groups\/413926455353238\",\"https:\/\/x.com\/Sverigeesterna\",\"https:\/\/www.instagram.com\/sverigeesterna\/\",\"https:\/\/www.youtube.com\/channel\/UCrx0OUO2vQAEvysvMrwq5xQ\"]}]}<\/script>\n<!-- \/ Yoast SEO plugin. -->","yoast_head_json":{"title":"Impressum - Rahvuslik Kontakt","robots":{"index":"index","follow":"follow","max-snippet":"max-snippet:-1","max-image-preview":"max-image-preview:large","max-video-preview":"max-video-preview:-1"},"canonical":"https:\/\/rahvuslikkontakt.se\/sv\/impressum\/","og_locale":"sv_SE","og_type":"article","og_title":"Impressum - Rahvuslik Kontakt","og_description":"Huvudredakt\u00f6r Sirle S\u00f6\u00f6t +46 76 793 53 55 sirle.soot@sverigeesterna.se Redaktionell brevl\u00e5da toimetus@rahvuslikkontakt.se Redakt\u00f6r Evelyn H\u00f6glund Medredakt\u00f6rer K\u00e4tlin Aare, Aho Rebas, Kairi Ilison, Hain Rebas, Aili Salve, Kaja Jakobsen, Angelica Suiste, Liina-Karina Meedt, Kristi Salla, Geda Paulsen, Eva Velsker, Viire Kask, Maria V Hugosson, Marge Sundstr\u00f6m \u00d6vers\u00e4ttare Aho Rebas, Evelyn H\u00f6glund, Jaan Seim Utgivare Sverigeesternas Riksf\u00f6rbund [&hellip;]","og_url":"https:\/\/rahvuslikkontakt.se\/sv\/impressum\/","og_site_name":"Rahvuslik Kontakt","article_publisher":"https:\/\/www.facebook.com\/groups\/413926455353238","article_modified_time":"2024-04-04T10:00:05+00:00","og_image":[{"url":"https:\/\/rahvuslikkontakt.se\/wp-content\/uploads\/2024\/01\/logo-kusk-b.webp"}],"twitter_card":"summary_large_image","twitter_site":"@Sverigeesterna","twitter_misc":{"Ber\u00e4knad l\u00e4stid":"1 minut"},"schema":{"@context":"https:\/\/schema.org","@graph":[{"@type":"WebPage","@id":"https:\/\/rahvuslikkontakt.se\/sv\/impressum\/","url":"https:\/\/rahvuslikkontakt.se\/sv\/impressum\/","name":"Impressum - Rahvuslik Kontakt","isPartOf":{"@id":"https:\/\/rahvuslikkontakt.se\/#website"},"primaryImageOfPage":{"@id":"https:\/\/rahvuslikkontakt.se\/sv\/impressum\/#primaryimage"},"image":{"@id":"https:\/\/rahvuslikkontakt.se\/sv\/impressum\/#primaryimage"},"thumbnailUrl":"https:\/\/rahvuslikkontakt.se\/wp-content\/uploads\/2024\/01\/logo-kusk-b.webp","datePublished":"2023-11-15T10:30:04+00:00","dateModified":"2024-04-04T10:00:05+00:00","breadcrumb":{"@id":"https:\/\/rahvuslikkontakt.se\/sv\/impressum\/#breadcrumb"},"inLanguage":"sv-SE","potentialAction":[{"@type":"ReadAction","target":["https:\/\/rahvuslikkontakt.se\/sv\/impressum\/"]}]},{"@type":"ImageObject","inLanguage":"sv-SE","@id":"https:\/\/rahvuslikkontakt.se\/sv\/impressum\/#primaryimage","url":"https:\/\/rahvuslikkontakt.se\/wp-content\/uploads\/2024\/01\/logo-kusk-b.webp","contentUrl":"https:\/\/rahvuslikkontakt.se\/wp-content\/uploads\/2024\/01\/logo-kusk-b.webp"},{"@type":"BreadcrumbList","@id":"https:\/\/rahvuslikkontakt.se\/sv\/impressum\/#breadcrumb","itemListElement":[{"@type":"ListItem","position":1,"name":"Home","item":"https:\/\/rahvuslikkontakt.se\/sv\/"},{"@type":"ListItem","position":2,"name":"Impressum"}]},{"@type":"WebSite","@id":"https:\/\/rahvuslikkontakt.se\/#website","url":"https:\/\/rahvuslikkontakt.se\/","name":"Rahvuslik Kontakt","description":"","publisher":{"@id":"https:\/\/rahvuslikkontakt.se\/#organization"},"potentialAction":[{"@type":"SearchAction","target":{"@type":"EntryPoint","urlTemplate":"https:\/\/rahvuslikkontakt.se\/?s={search_term_string}"},"query-input":{"@type":"PropertyValueSpecification","valueRequired":true,"valueName":"search_term_string"}}],"inLanguage":"sv-SE"},{"@type":"Organization","@id":"https:\/\/rahvuslikkontakt.se\/#organization","name":"Rahvuslik Kontakt","url":"https:\/\/rahvuslikkontakt.se\/","logo":{"@type":"ImageObject","inLanguage":"sv-SE","@id":"https:\/\/rahvuslikkontakt.se\/#\/schema\/logo\/image\/","url":"https:\/\/rahvuslikkontakt.se\/wp-content\/uploads\/2023\/11\/Footer-logo.webp","contentUrl":"https:\/\/rahvuslikkontakt.se\/wp-content\/uploads\/2023\/11\/Footer-logo.webp","width":1200,"height":300,"caption":"Rahvuslik Kontakt"},"image":{"@id":"https:\/\/rahvuslikkontakt.se\/#\/schema\/logo\/image\/"},"sameAs":["https:\/\/www.facebook.com\/groups\/413926455353238","https:\/\/x.com\/Sverigeesterna","https:\/\/www.instagram.com\/sverigeesterna\/","https:\/\/www.youtube.com\/channel\/UCrx0OUO2vQAEvysvMrwq5xQ"]}]}},"_links":{"self":[{"href":"https:\/\/rahvuslikkontakt.se\/sv\/wp-json\/wp\/v2\/pages\/746","targetHints":{"allow":["GET"]}}],"collection":[{"href":"https:\/\/rahvuslikkontakt.se\/sv\/wp-json\/wp\/v2\/pages"}],"about":[{"href":"https:\/\/rahvuslikkontakt.se\/sv\/wp-json\/wp\/v2\/types\/page"}],"author":[{"embeddable":true,"href":"https:\/\/rahvuslikkontakt.se\/sv\/wp-json\/wp\/v2\/users\/1"}],"replies":[{"embeddable":true,"href":"https:\/\/rahvuslikkontakt.se\/sv\/wp-json\/wp\/v2\/comments?post=746"}],"version-history":[{"count":10,"href":"https:\/\/rahvuslikkontakt.se\/sv\/wp-json\/wp\/v2\/pages\/746\/revisions"}],"predecessor-version":[{"id":1765,"href":"https:\/\/rahvuslikkontakt.se\/sv\/wp-json\/wp\/v2\/pages\/746\/revisions\/1765"}],"wp:attachment":[{"href":"https:\/\/rahvuslikkontakt.se\/sv\/wp-json\/wp\/v2\/media?parent=746"}],"curies":[{"name":"wp","href":"https:\/\/api.w.org\/{rel}","templated":true}]}}