{"id":679,"date":"2023-11-15T12:30:48","date_gmt":"2023-11-15T10:30:48","guid":{"rendered":"https:\/\/rahvuslikkontakt.se\/?page_id=679"},"modified":"2024-02-14T17:21:34","modified_gmt":"2024-02-14T15:21:34","slug":"om-tidningen","status":"publish","type":"page","link":"https:\/\/rahvuslikkontakt.se\/sv\/om-tidningen\/","title":{"rendered":"Om tidningen"},"content":{"rendered":"<h3>Tidningen Rahvuslik Kontakt har kommit ut sedan 1957, och sedan 2015 \u00e4r den tv\u00e5spr\u00e5kig och i f\u00e4rg.<\/h3>\n<p>Vi \u00e4r r\u00f6sten f\u00f6r estl\u00e4ndare i Sverige och vi hj\u00e4lper f\u00f6reningar och f\u00f6reningar att dela information om deras verksamhet. Vi informerar om evenemang och viktiga datum. Vi minns, l\u00e4gger m\u00e4rke till och delar ber\u00e4ttelser med varandra. Vi inkluderar alla svenskar och estniska v\u00e4nner i Sverige i ett gemensamt tv\u00e5spr\u00e5kigt informationsutrymme.<\/p>\n<p>Om du vill bidra till inneh\u00e5llet i tidningen, <a href=\"https:\/\/rahvuslikkontakt.se\/sv\/vi-soker-bidrag\/\">titta h\u00e4r<\/a>.<\/p>\n<h4>Grattis och kondoleanser, f\u00f6delse-, br\u00f6llops- och d\u00f6dsbesked \u00e4r v\u00e4lkomna.<\/h4>\n<p>Tidningens redaktion best\u00e5r av estniska volont\u00e4rer bosatta i Sverige. Endast design-, tryck- och portotj\u00e4nster k\u00f6ps.<\/p>\n<p><a href=\"https:\/\/rahvuslikkontakt.se\/sv\/bli-prenumerant\/\">Klicka h\u00e4r<\/a> f\u00f6r att best\u00e4lla den tryckta tidningen.<\/p>\n<p>Vi vill tacka Eesti Kodaniku\u00fchiskonna Sihtkapital (K\u00dcSK) f\u00f6r st\u00f6det p\u00e5 7 000 euro f\u00f6r verksamhets\u00e5ret 2023!<\/p>\n<blockquote>\n<p>Rahvuslik Kontakt \u00e4r en tidning som fr\u00e4mst handlar om oss &#8212; svenska ester.<\/p>\n<\/blockquote>\n<p>&nbsp;<\/p>\n<p>Skapandet av Rahvuslik Kontakt onlinemilj\u00f6n st\u00f6ddes av <a href=\"https:\/\/kysk.ee\/\" target=\"_blank\" rel=\"noopener\">Kodaniku\u00fchiskonna Sihtkapital<\/a> och <a href=\"https:\/\/www.vm.ee\/\" target=\"_blank\" rel=\"noopener\">V\u00e4lisministeerium<\/a>.<\/p>\n<p><a href=\"https:\/\/kysk.ee\/\" target=\"_blank\" rel=\"noopener\"><img loading=\"lazy\" decoding=\"async\" class=\"alignnone wp-image-1322\" src=\"https:\/\/rahvuslikkontakt.se\/wp-content\/uploads\/2024\/01\/logo-kusk-b.webp\" alt=\"\" width=\"230\" height=\"100\" srcset=\"https:\/\/rahvuslikkontakt.se\/wp-content\/uploads\/2024\/01\/logo-kusk-b.webp 1200w, https:\/\/rahvuslikkontakt.se\/wp-content\/uploads\/2024\/01\/logo-kusk-b-300x130.webp 300w, https:\/\/rahvuslikkontakt.se\/wp-content\/uploads\/2024\/01\/logo-kusk-b-1024x444.webp 1024w, https:\/\/rahvuslikkontakt.se\/wp-content\/uploads\/2024\/01\/logo-kusk-b-768x333.webp 768w\" sizes=\"auto, (max-width: 230px) 100vw, 230px\" \/><\/a>\u00a0 \u00a0<a href=\"https:\/\/www.vm.ee\/\" target=\"_blank\" rel=\"noopener\"><img loading=\"lazy\" decoding=\"async\" class=\"alignnone wp-image-1324\" src=\"https:\/\/rahvuslikkontakt.se\/wp-content\/uploads\/2024\/01\/logo-valismin-b.webp\" alt=\"\" width=\"230\" height=\"100\" srcset=\"https:\/\/rahvuslikkontakt.se\/wp-content\/uploads\/2024\/01\/logo-valismin-b.webp 1200w, https:\/\/rahvuslikkontakt.se\/wp-content\/uploads\/2024\/01\/logo-valismin-b-300x130.webp 300w, https:\/\/rahvuslikkontakt.se\/wp-content\/uploads\/2024\/01\/logo-valismin-b-1024x444.webp 1024w, https:\/\/rahvuslikkontakt.se\/wp-content\/uploads\/2024\/01\/logo-valismin-b-768x333.webp 768w\" sizes=\"auto, (max-width: 230px) 100vw, 230px\" \/><\/a><\/p>\n","protected":false},"excerpt":{"rendered":"<p>Tidningen Rahvuslik Kontakt har kommit ut sedan 1957, och sedan 2015 \u00e4r den tv\u00e5spr\u00e5kig och i f\u00e4rg. Vi \u00e4r r\u00f6sten f\u00f6r estl\u00e4ndare i Sverige och vi hj\u00e4lper f\u00f6reningar och f\u00f6reningar att dela information om deras verksamhet. Vi informerar om evenemang och viktiga datum. Vi minns, l\u00e4gger m\u00e4rke till och delar ber\u00e4ttelser med varandra. Vi inkluderar [&hellip;]<\/p>\n","protected":false},"author":1,"featured_media":0,"parent":0,"menu_order":0,"comment_status":"closed","ping_status":"closed","template":"page-pagebuilder-title.php","meta":{"footnotes":"","_links_to":"","_links_to_target":""},"class_list":["post-679","page","type-page","status-publish","hentry"],"yoast_head":"<!-- This site is optimized with the Yoast SEO plugin v23.9 - https:\/\/yoast.com\/wordpress\/plugins\/seo\/ -->\n<title>Om tidningen - Rahvuslik Kontakt<\/title>\n<meta name=\"robots\" content=\"index, follow, max-snippet:-1, max-image-preview:large, max-video-preview:-1\" \/>\n<link rel=\"canonical\" href=\"https:\/\/rahvuslikkontakt.se\/sv\/om-tidningen\/\" \/>\n<meta property=\"og:locale\" content=\"sv_SE\" \/>\n<meta property=\"og:type\" content=\"article\" \/>\n<meta property=\"og:title\" content=\"Om tidningen - Rahvuslik Kontakt\" \/>\n<meta property=\"og:description\" content=\"Tidningen Rahvuslik Kontakt har kommit ut sedan 1957, och sedan 2015 \u00e4r den tv\u00e5spr\u00e5kig och i f\u00e4rg. Vi \u00e4r r\u00f6sten f\u00f6r estl\u00e4ndare i Sverige och vi hj\u00e4lper f\u00f6reningar och f\u00f6reningar att dela information om deras verksamhet. Vi informerar om evenemang och viktiga datum. Vi minns, l\u00e4gger m\u00e4rke till och delar ber\u00e4ttelser med varandra. Vi inkluderar [&hellip;]\" \/>\n<meta property=\"og:url\" content=\"https:\/\/rahvuslikkontakt.se\/sv\/om-tidningen\/\" \/>\n<meta property=\"og:site_name\" content=\"Rahvuslik Kontakt\" \/>\n<meta property=\"article:publisher\" content=\"https:\/\/www.facebook.com\/groups\/413926455353238\" \/>\n<meta property=\"article:modified_time\" content=\"2024-02-14T15:21:34+00:00\" \/>\n<meta property=\"og:image\" content=\"https:\/\/rahvuslikkontakt.se\/wp-content\/uploads\/2024\/01\/logo-kusk-b.webp\" \/>\n<meta name=\"twitter:card\" content=\"summary_large_image\" \/>\n<meta name=\"twitter:site\" content=\"@Sverigeesterna\" \/>\n<meta name=\"twitter:label1\" content=\"Ber\u00e4knad l\u00e4stid\" \/>\n\t<meta name=\"twitter:data1\" content=\"1 minut\" \/>\n<script type=\"application\/ld+json\" class=\"yoast-schema-graph\">{\"@context\":\"https:\/\/schema.org\",\"@graph\":[{\"@type\":\"WebPage\",\"@id\":\"https:\/\/rahvuslikkontakt.se\/sv\/om-tidningen\/\",\"url\":\"https:\/\/rahvuslikkontakt.se\/sv\/om-tidningen\/\",\"name\":\"Om tidningen - Rahvuslik Kontakt\",\"isPartOf\":{\"@id\":\"https:\/\/rahvuslikkontakt.se\/#website\"},\"primaryImageOfPage\":{\"@id\":\"https:\/\/rahvuslikkontakt.se\/sv\/om-tidningen\/#primaryimage\"},\"image\":{\"@id\":\"https:\/\/rahvuslikkontakt.se\/sv\/om-tidningen\/#primaryimage\"},\"thumbnailUrl\":\"https:\/\/rahvuslikkontakt.se\/wp-content\/uploads\/2024\/01\/logo-kusk-b.webp\",\"datePublished\":\"2023-11-15T10:30:48+00:00\",\"dateModified\":\"2024-02-14T15:21:34+00:00\",\"breadcrumb\":{\"@id\":\"https:\/\/rahvuslikkontakt.se\/sv\/om-tidningen\/#breadcrumb\"},\"inLanguage\":\"sv-SE\",\"potentialAction\":[{\"@type\":\"ReadAction\",\"target\":[\"https:\/\/rahvuslikkontakt.se\/sv\/om-tidningen\/\"]}]},{\"@type\":\"ImageObject\",\"inLanguage\":\"sv-SE\",\"@id\":\"https:\/\/rahvuslikkontakt.se\/sv\/om-tidningen\/#primaryimage\",\"url\":\"https:\/\/rahvuslikkontakt.se\/wp-content\/uploads\/2024\/01\/logo-kusk-b.webp\",\"contentUrl\":\"https:\/\/rahvuslikkontakt.se\/wp-content\/uploads\/2024\/01\/logo-kusk-b.webp\"},{\"@type\":\"BreadcrumbList\",\"@id\":\"https:\/\/rahvuslikkontakt.se\/sv\/om-tidningen\/#breadcrumb\",\"itemListElement\":[{\"@type\":\"ListItem\",\"position\":1,\"name\":\"Home\",\"item\":\"https:\/\/rahvuslikkontakt.se\/sv\/\"},{\"@type\":\"ListItem\",\"position\":2,\"name\":\"Om tidningen\"}]},{\"@type\":\"WebSite\",\"@id\":\"https:\/\/rahvuslikkontakt.se\/#website\",\"url\":\"https:\/\/rahvuslikkontakt.se\/\",\"name\":\"Rahvuslik Kontakt\",\"description\":\"\",\"publisher\":{\"@id\":\"https:\/\/rahvuslikkontakt.se\/#organization\"},\"potentialAction\":[{\"@type\":\"SearchAction\",\"target\":{\"@type\":\"EntryPoint\",\"urlTemplate\":\"https:\/\/rahvuslikkontakt.se\/?s={search_term_string}\"},\"query-input\":{\"@type\":\"PropertyValueSpecification\",\"valueRequired\":true,\"valueName\":\"search_term_string\"}}],\"inLanguage\":\"sv-SE\"},{\"@type\":\"Organization\",\"@id\":\"https:\/\/rahvuslikkontakt.se\/#organization\",\"name\":\"Rahvuslik Kontakt\",\"url\":\"https:\/\/rahvuslikkontakt.se\/\",\"logo\":{\"@type\":\"ImageObject\",\"inLanguage\":\"sv-SE\",\"@id\":\"https:\/\/rahvuslikkontakt.se\/#\/schema\/logo\/image\/\",\"url\":\"https:\/\/rahvuslikkontakt.se\/wp-content\/uploads\/2023\/11\/Footer-logo.webp\",\"contentUrl\":\"https:\/\/rahvuslikkontakt.se\/wp-content\/uploads\/2023\/11\/Footer-logo.webp\",\"width\":1200,\"height\":300,\"caption\":\"Rahvuslik Kontakt\"},\"image\":{\"@id\":\"https:\/\/rahvuslikkontakt.se\/#\/schema\/logo\/image\/\"},\"sameAs\":[\"https:\/\/www.facebook.com\/groups\/413926455353238\",\"https:\/\/x.com\/Sverigeesterna\",\"https:\/\/www.instagram.com\/sverigeesterna\/\",\"https:\/\/www.youtube.com\/channel\/UCrx0OUO2vQAEvysvMrwq5xQ\"]}]}<\/script>\n<!-- \/ Yoast SEO plugin. -->","yoast_head_json":{"title":"Om tidningen - Rahvuslik Kontakt","robots":{"index":"index","follow":"follow","max-snippet":"max-snippet:-1","max-image-preview":"max-image-preview:large","max-video-preview":"max-video-preview:-1"},"canonical":"https:\/\/rahvuslikkontakt.se\/sv\/om-tidningen\/","og_locale":"sv_SE","og_type":"article","og_title":"Om tidningen - Rahvuslik Kontakt","og_description":"Tidningen Rahvuslik Kontakt har kommit ut sedan 1957, och sedan 2015 \u00e4r den tv\u00e5spr\u00e5kig och i f\u00e4rg. Vi \u00e4r r\u00f6sten f\u00f6r estl\u00e4ndare i Sverige och vi hj\u00e4lper f\u00f6reningar och f\u00f6reningar att dela information om deras verksamhet. Vi informerar om evenemang och viktiga datum. Vi minns, l\u00e4gger m\u00e4rke till och delar ber\u00e4ttelser med varandra. Vi inkluderar [&hellip;]","og_url":"https:\/\/rahvuslikkontakt.se\/sv\/om-tidningen\/","og_site_name":"Rahvuslik Kontakt","article_publisher":"https:\/\/www.facebook.com\/groups\/413926455353238","article_modified_time":"2024-02-14T15:21:34+00:00","og_image":[{"url":"https:\/\/rahvuslikkontakt.se\/wp-content\/uploads\/2024\/01\/logo-kusk-b.webp"}],"twitter_card":"summary_large_image","twitter_site":"@Sverigeesterna","twitter_misc":{"Ber\u00e4knad l\u00e4stid":"1 minut"},"schema":{"@context":"https:\/\/schema.org","@graph":[{"@type":"WebPage","@id":"https:\/\/rahvuslikkontakt.se\/sv\/om-tidningen\/","url":"https:\/\/rahvuslikkontakt.se\/sv\/om-tidningen\/","name":"Om tidningen - Rahvuslik Kontakt","isPartOf":{"@id":"https:\/\/rahvuslikkontakt.se\/#website"},"primaryImageOfPage":{"@id":"https:\/\/rahvuslikkontakt.se\/sv\/om-tidningen\/#primaryimage"},"image":{"@id":"https:\/\/rahvuslikkontakt.se\/sv\/om-tidningen\/#primaryimage"},"thumbnailUrl":"https:\/\/rahvuslikkontakt.se\/wp-content\/uploads\/2024\/01\/logo-kusk-b.webp","datePublished":"2023-11-15T10:30:48+00:00","dateModified":"2024-02-14T15:21:34+00:00","breadcrumb":{"@id":"https:\/\/rahvuslikkontakt.se\/sv\/om-tidningen\/#breadcrumb"},"inLanguage":"sv-SE","potentialAction":[{"@type":"ReadAction","target":["https:\/\/rahvuslikkontakt.se\/sv\/om-tidningen\/"]}]},{"@type":"ImageObject","inLanguage":"sv-SE","@id":"https:\/\/rahvuslikkontakt.se\/sv\/om-tidningen\/#primaryimage","url":"https:\/\/rahvuslikkontakt.se\/wp-content\/uploads\/2024\/01\/logo-kusk-b.webp","contentUrl":"https:\/\/rahvuslikkontakt.se\/wp-content\/uploads\/2024\/01\/logo-kusk-b.webp"},{"@type":"BreadcrumbList","@id":"https:\/\/rahvuslikkontakt.se\/sv\/om-tidningen\/#breadcrumb","itemListElement":[{"@type":"ListItem","position":1,"name":"Home","item":"https:\/\/rahvuslikkontakt.se\/sv\/"},{"@type":"ListItem","position":2,"name":"Om tidningen"}]},{"@type":"WebSite","@id":"https:\/\/rahvuslikkontakt.se\/#website","url":"https:\/\/rahvuslikkontakt.se\/","name":"Rahvuslik Kontakt","description":"","publisher":{"@id":"https:\/\/rahvuslikkontakt.se\/#organization"},"potentialAction":[{"@type":"SearchAction","target":{"@type":"EntryPoint","urlTemplate":"https:\/\/rahvuslikkontakt.se\/?s={search_term_string}"},"query-input":{"@type":"PropertyValueSpecification","valueRequired":true,"valueName":"search_term_string"}}],"inLanguage":"sv-SE"},{"@type":"Organization","@id":"https:\/\/rahvuslikkontakt.se\/#organization","name":"Rahvuslik Kontakt","url":"https:\/\/rahvuslikkontakt.se\/","logo":{"@type":"ImageObject","inLanguage":"sv-SE","@id":"https:\/\/rahvuslikkontakt.se\/#\/schema\/logo\/image\/","url":"https:\/\/rahvuslikkontakt.se\/wp-content\/uploads\/2023\/11\/Footer-logo.webp","contentUrl":"https:\/\/rahvuslikkontakt.se\/wp-content\/uploads\/2023\/11\/Footer-logo.webp","width":1200,"height":300,"caption":"Rahvuslik Kontakt"},"image":{"@id":"https:\/\/rahvuslikkontakt.se\/#\/schema\/logo\/image\/"},"sameAs":["https:\/\/www.facebook.com\/groups\/413926455353238","https:\/\/x.com\/Sverigeesterna","https:\/\/www.instagram.com\/sverigeesterna\/","https:\/\/www.youtube.com\/channel\/UCrx0OUO2vQAEvysvMrwq5xQ"]}]}},"_links":{"self":[{"href":"https:\/\/rahvuslikkontakt.se\/sv\/wp-json\/wp\/v2\/pages\/679","targetHints":{"allow":["GET"]}}],"collection":[{"href":"https:\/\/rahvuslikkontakt.se\/sv\/wp-json\/wp\/v2\/pages"}],"about":[{"href":"https:\/\/rahvuslikkontakt.se\/sv\/wp-json\/wp\/v2\/types\/page"}],"author":[{"embeddable":true,"href":"https:\/\/rahvuslikkontakt.se\/sv\/wp-json\/wp\/v2\/users\/1"}],"replies":[{"embeddable":true,"href":"https:\/\/rahvuslikkontakt.se\/sv\/wp-json\/wp\/v2\/comments?post=679"}],"version-history":[{"count":8,"href":"https:\/\/rahvuslikkontakt.se\/sv\/wp-json\/wp\/v2\/pages\/679\/revisions"}],"predecessor-version":[{"id":1725,"href":"https:\/\/rahvuslikkontakt.se\/sv\/wp-json\/wp\/v2\/pages\/679\/revisions\/1725"}],"wp:attachment":[{"href":"https:\/\/rahvuslikkontakt.se\/sv\/wp-json\/wp\/v2\/media?parent=679"}],"curies":[{"name":"wp","href":"https:\/\/api.w.org\/{rel}","templated":true}]}}